{"id":4904,"date":"2023-01-23T11:45:41","date_gmt":"2023-01-23T09:45:41","guid":{"rendered":"https:\/\/chicken-44.com\/commande\/?post_type=product&#038;p=4904"},"modified":"2023-01-23T11:45:46","modified_gmt":"2023-01-23T09:45:46","slug":"tortilla-le-savoyard","status":"publish","type":"product","link":"https:\/\/chicken-44.com\/commande\/produit\/tortilla-le-savoyard\/","title":{"rendered":"Tortilla le Savoyard"},"content":{"rendered":"","protected":false},"excerpt":{"rendered":"<p>Tortilla de bl\u00e9, poulet, cr\u00e8me fra\u00eeche, jambon, emmental rap\u00e9, salade et sauce.<\/p>\n","protected":false},"featured_media":4897,"template":"","meta":[],"product_cat":[41],"product_tag":[],"woofood_extra_options":null,"_links":{"self":[{"href":"https:\/\/chicken-44.com\/commande\/wp-json\/wp\/v2\/product\/4904"}],"collection":[{"href":"https:\/\/chicken-44.com\/commande\/wp-json\/wp\/v2\/product"}],"about":[{"href":"https:\/\/chicken-44.com\/commande\/wp-json\/wp\/v2\/types\/product"}],"wp:featuredmedia":[{"embeddable":true,"href":"https:\/\/chicken-44.com\/commande\/wp-json\/wp\/v2\/media\/4897"}],"wp:attachment":[{"href":"https:\/\/chicken-44.com\/commande\/wp-json\/wp\/v2\/media?parent=4904"}],"wp:term":[{"taxonomy":"product_cat","embeddable":true,"href":"https:\/\/chicken-44.com\/commande\/wp-json\/wp\/v2\/product_cat?post=4904"},{"taxonomy":"product_tag","embeddable":true,"href":"https:\/\/chicken-44.com\/commande\/wp-json\/wp\/v2\/product_tag?post=4904"}],"curies":[{"name":"wp","href":"https:\/\/api.w.org\/{rel}","templated":true}]}}